{"id":75,"date":"2020-09-23T20:19:28","date_gmt":"2020-09-23T20:19:28","guid":{"rendered":"https:\/\/corporationdesaines.com\/?page_id=75"},"modified":"2021-01-02T16:35:50","modified_gmt":"2021-01-02T16:35:50","slug":"proximite","status":"publish","type":"page","link":"https:\/\/corporationdesaines.com\/?page_id=75","title":{"rendered":"Proximit\u00e9"},"content":{"rendered":"\n<div class=\"wp-block-cover\" style=\"background-image:url(https:\/\/corporationdesaines.com\/wp-content\/uploads\/2020\/09\/file_main_image_8183_1_marcher_sante_01_8183_cache_1200x630.jpg);background-position:48% 71%;min-height:215px;aspect-ratio:unset;\"><div class=\"wp-block-cover__inner-container is-layout-flow wp-block-cover-is-layout-flow\">\n<p class=\"has-text-align-left has-text-color has-large-font-size\" style=\"color:#fefcfc\"><em>\u00c0 quelques pas de chez vous!<\/em><\/p>\n<\/div><\/div>\n\n\n\n<p><\/p>\n\n\n\n<p class=\"has-text-align-left\">L&rsquo;offre commerciale de proximit\u00e9 am\u00e9liore votre vie quotidienne en vous donnant acc\u00e8s \u00e0 des biens et des services de consommation sans devoir parcourir de longue distance. Plusieurs commerces de proximit\u00e9 parmi les plus fr\u00e9quent\u00e9s, sont accessibles <strong>\u00e0 moins de 10 minutes de marche &#8230;<\/strong><\/p>\n\n\n\n<div class=\"wp-block-columns is-layout-flex wp-container-core-columns-is-layout-9d6595d7 wp-block-columns-is-layout-flex\">\n<div class=\"wp-block-column is-layout-flow wp-block-column-is-layout-flow\">\n<div class=\"wp-block-image is-style-default\"><figure class=\"aligncenter size-large is-resized\"><img loading=\"lazy\" decoding=\"async\" src=\"https:\/\/corporationdesaines.com\/wp-content\/uploads\/2021\/01\/icone_e\u0301picerie_bleu.png\" alt=\"\" class=\"wp-image-612\" width=\"120\" height=\"150\"\/><figcaption>      <strong>0,8 km<\/strong><\/figcaption><\/figure><\/div>\n<\/div>\n\n\n\n<div class=\"wp-block-column is-layout-flow wp-block-column-is-layout-flow\">\n<div class=\"wp-block-image\"><figure class=\"aligncenter size-large is-resized\"><img loading=\"lazy\" decoding=\"async\" src=\"https:\/\/corporationdesaines.com\/wp-content\/uploads\/2021\/01\/icone_pharmacie_bleu.png\" alt=\"\" class=\"wp-image-609\" width=\"120\" height=\"150\"\/><figcaption>          <strong>0,3 km<\/strong><\/figcaption><\/figure><\/div>\n<\/div>\n\n\n\n<div class=\"wp-block-column is-layout-flow wp-block-column-is-layout-flow\">\n<figure class=\"wp-block-image size-large is-resized\"><img loading=\"lazy\" decoding=\"async\" src=\"https:\/\/corporationdesaines.com\/wp-content\/uploads\/2021\/01\/icone_banques_bleu.png\" alt=\"\" class=\"wp-image-613\" width=\"120\" height=\"150\"\/><figcaption>      <strong>0,7 km<\/strong><\/figcaption><\/figure>\n<\/div>\n\n\n\n<div class=\"wp-block-column is-layout-flow wp-block-column-is-layout-flow\">\n<figure class=\"wp-block-image size-large is-resized\"><img loading=\"lazy\" decoding=\"async\" src=\"https:\/\/corporationdesaines.com\/wp-content\/uploads\/2021\/01\/icone_e\u0301glise_bleu.png\" alt=\"\" class=\"wp-image-614\" width=\"120\" height=\"150\"\/><figcaption>      <strong>0,26 km<\/strong><\/figcaption><\/figure>\n<\/div>\n\n\n\n<div class=\"wp-block-column is-layout-flow wp-block-column-is-layout-flow\">\n<figure class=\"wp-block-image size-large is-resized\"><img loading=\"lazy\" decoding=\"async\" src=\"https:\/\/corporationdesaines.com\/wp-content\/uploads\/2021\/01\/icone_autobus_bleu.png\" alt=\"\" class=\"wp-image-615\" width=\"120\" height=\"150\"\/><figcaption><strong>0,3 km<\/strong><\/figcaption><\/figure>\n<\/div>\n\n\n\n<div class=\"wp-block-column is-layout-flow wp-block-column-is-layout-flow\">\n<figure class=\"wp-block-image size-large is-resized\"><img loading=\"lazy\" decoding=\"async\" src=\"https:\/\/corporationdesaines.com\/wp-content\/uploads\/2021\/01\/icone_parc_bleu.png\" alt=\"\" class=\"wp-image-616\" width=\"120\" height=\"150\"\/><figcaption>     <strong>1,0 km<\/strong><\/figcaption><\/figure>\n<\/div>\n<\/div>\n\n\n\n<p><\/p>\n\n\n\n<p>Pour ceux et celles qui poss\u00e8dent un v\u00e9hicule, vous \u00eates situ\u00e9s \u00e0 seulement quelques kilom\u00e8tres de la Transcanadienne (Autoroute 20) et des centre-villes de Saint-Apollinaire et de Saint-Agapit o\u00f9 vous y trouverez un vaste choix de commerces: restaurants, salle de quilles, salle de l&rsquo;\u00e2ge d&rsquo;or, etc.<\/p>\n","protected":false},"excerpt":{"rendered":"<p>L&rsquo;offre commerciale de proximit\u00e9 am\u00e9liore votre vie quotidienne en vous donnant acc\u00e8s \u00e0 des biens et des services de consommation sans devoir parcourir de longue distance. Plusieurs commerces de proximit\u00e9 parmi les plus fr\u00e9quent\u00e9s, sont accessibles \u00e0 moins de 10 minutes de marche &#8230; Pour ceux et celles qui poss\u00e8dent un v\u00e9hicule, vous \u00eates situ\u00e9s \u00e0 seulement quelques kilom\u00e8tres de [&hellip;]<\/p>\n","protected":false},"author":1,"featured_media":0,"parent":0,"menu_order":0,"comment_status":"closed","ping_status":"closed","template":"","meta":{"_acf_changed":false,"advgb_blocks_editor_width":"","advgb_blocks_columns_visual_guide":"","footnotes":""},"class_list":["post-75","page","type-page","status-publish","hentry"],"acf":[],"coauthors":[],"author_meta":{"author_link":"https:\/\/corporationdesaines.com\/?author=1","display_name":"admin"},"relative_dates":{"created":"Publi\u00e9 6 ans il y a","modified":"Mis \u00e0 jour 5 ans il y a"},"absolute_dates":{"created":"Publi\u00e9 le septembre 23, 2020","modified":"Mise \u00e0 jour le janvier 2, 2021"},"absolute_dates_time":{"created":"Publi\u00e9 le septembre 23, 2020 8:19 pm","modified":"Mise \u00e0 jour le janvier 2, 2021 4:35 pm"},"featured_img_caption":"","featured_img":false,"series_order":"","_links":{"self":[{"href":"https:\/\/corporationdesaines.com\/index.php?rest_route=\/wp\/v2\/pages\/75","targetHints":{"allow":["GET"]}}],"collection":[{"href":"https:\/\/corporationdesaines.com\/index.php?rest_route=\/wp\/v2\/pages"}],"about":[{"href":"https:\/\/corporationdesaines.com\/index.php?rest_route=\/wp\/v2\/types\/page"}],"author":[{"embeddable":true,"href":"https:\/\/corporationdesaines.com\/index.php?rest_route=\/wp\/v2\/users\/1"}],"replies":[{"embeddable":true,"href":"https:\/\/corporationdesaines.com\/index.php?rest_route=%2Fwp%2Fv2%2Fcomments&post=75"}],"version-history":[{"count":38,"href":"https:\/\/corporationdesaines.com\/index.php?rest_route=\/wp\/v2\/pages\/75\/revisions"}],"predecessor-version":[{"id":617,"href":"https:\/\/corporationdesaines.com\/index.php?rest_route=\/wp\/v2\/pages\/75\/revisions\/617"}],"wp:attachment":[{"href":"https:\/\/corporationdesaines.com\/index.php?rest_route=%2Fwp%2Fv2%2Fmedia&parent=75"}],"curies":[{"name":"wp","href":"https:\/\/api.w.org\/{rel}","templated":true}]}}